{"id":429,"date":"2018-07-18T11:33:47","date_gmt":"2018-07-18T11:33:47","guid":{"rendered":"http:\/\/abileweb.com\/minimal-portfolio\/?page_id=110"},"modified":"2023-12-11T21:39:14","modified_gmt":"2023-12-11T20:39:14","slug":"contact","status":"publish","type":"page","link":"https:\/\/simonaugade.fr\/?page_id=429","title":{"rendered":"Contacts"},"content":{"rendered":"\n<div class=\"wp-block-advgb-columns advgb-columns-wrapper\" id=\"advgb-cols-390bb345-7015-4adf-96a6-da2b6d2b2eaf\"><div class=\"advgb-columns-container\"><div class=\"advgb-columns advgb-columns-row advgb-is-mobile advgb-columns-3 layout-13-13-13 mbl-layout-stacked vgutter-10\">\n<div class=\"wp-block-advgb-column advgb-column advgb-is-one-third-tablet advgb-is-full-mobile\" id=\"advgb-col-ee1540f6-3dae-4141-a8d2-aaea82a67349\"><div class=\"advgb-column-inner\" style=\"border-style:none;border-width:1px\">\n<p><strong><span style=\"color: #000000;\" class=\"ugb-highlight\">Adresse<\/span><\/strong><br>5, Rue Victor Hugo<br>56100 Lorient &#8211; FRANCE<\/p>\n\n\n\n<p><strong><span style=\"color: #000000;\" class=\"ugb-highlight\">T\u00e9l\u00e9phone<\/span><\/strong><br>(+33) 06.31.84.08.06<\/p>\n\n\n\n<p><strong><span style=\"color: #000000;\" class=\"ugb-highlight\">Email<\/span><\/strong><br><a href=\"mailto:augade.simon@gmail.com\">augade.simon@gmail.com<\/a><\/p>\n<\/div><\/div>\n\n\n\n<div class=\"wp-block-advgb-column advgb-column advgb-is-one-third-tablet advgb-is-full-mobile\" id=\"advgb-col-4c7c5c6e-98eb-41c7-b0a8-273d4fde90bd\"><div class=\"advgb-column-inner\" style=\"border-style:none;border-width:1px\">\n<p><\/p>\n<\/div><\/div>\n\n\n\n<div class=\"wp-block-advgb-column advgb-column advgb-is-one-third-tablet advgb-is-full-mobile\" id=\"advgb-col-e797f207-f9b5-4deb-bd8e-37e7f3caca6d\"><div class=\"advgb-column-inner\" style=\"border-style:none;border-width:1px\"><\/div><\/div>\n<\/div><\/div><\/div>\n<style class=\"advgb-styles-renderer\">#advgb-cols-390bb345-7015-4adf-96a6-da2b6d2b2eaf{}@media screen and (max-width: 1023px) {#advgb-cols-390bb345-7015-4adf-96a6-da2b6d2b2eaf{}}@media screen and (max-width: 767px) {#advgb-cols-390bb345-7015-4adf-96a6-da2b6d2b2eaf{}}#advgb-col-ee1540f6-3dae-4141-a8d2-aaea82a67349>.advgb-column-inner{}@media screen and (max-width: 1023px) {#advgb-col-ee1540f6-3dae-4141-a8d2-aaea82a67349>.advgb-column-inner{}}@media screen and (max-width: 767px) {#advgb-col-ee1540f6-3dae-4141-a8d2-aaea82a67349>.advgb-column-inner{}}#advgb-col-4c7c5c6e-98eb-41c7-b0a8-273d4fde90bd>.advgb-column-inner{}@media screen and (max-width: 1023px) {#advgb-col-4c7c5c6e-98eb-41c7-b0a8-273d4fde90bd>.advgb-column-inner{}}@media screen and (max-width: 767px) {#advgb-col-4c7c5c6e-98eb-41c7-b0a8-273d4fde90bd>.advgb-column-inner{}}#advgb-col-e797f207-f9b5-4deb-bd8e-37e7f3caca6d>.advgb-column-inner{}@media screen and (max-width: 1023px) {#advgb-col-e797f207-f9b5-4deb-bd8e-37e7f3caca6d>.advgb-column-inner{}}@media screen and (max-width: 767px) {#advgb-col-e797f207-f9b5-4deb-bd8e-37e7f3caca6d>.advgb-column-inner{}}<\/style>","protected":false},"excerpt":{"rendered":"","protected":false},"author":1,"featured_media":0,"parent":0,"menu_order":0,"comment_status":"closed","ping_status":"closed","template":"","meta":{"_uag_custom_page_level_css":"","advgb_blocks_editor_width":"","advgb_blocks_columns_visual_guide":"","pgc_sgb_lightbox_settings":"","_vp_format_video_url":"","_vp_image_focal_point":[],"footnotes":""},"class_list":["post-429","page","type-page","status-publish","hentry"],"featured_image_urls_v2":{"full":"","thumbnail":"","medium":"","medium_large":"","large":"","1536x1536":"","2048x2048":"","vp_sm":"","vp_md":"","vp_lg":"","vp_xl":"","vp_sm_popup":"","vp_md_popup":"","vp_xl_popup":""},"post_excerpt_stackable_v2":"<p>Adresse5, Rue Victor Hugo56100 Lorient &#8211; FRANCE T\u00e9l\u00e9phone(+33) 06.31.84.08.06 Emailaugade.simon@gmail.com<\/p>\n","category_list_v2":"","author_info_v2":{"name":"admin9868","url":"https:\/\/simonaugade.fr\/?author=1"},"comments_num_v2":"0 commentaire","uagb_featured_image_src":{"full":false,"thumbnail":false,"medium":false,"medium_large":false,"large":false,"1536x1536":false,"2048x2048":false,"vp_sm":false,"vp_md":false,"vp_lg":false,"vp_xl":false,"vp_sm_popup":false,"vp_md_popup":false,"vp_xl_popup":false},"uagb_author_info":{"display_name":"admin9868","author_link":"https:\/\/simonaugade.fr\/?author=1"},"uagb_comment_info":0,"uagb_excerpt":null,"coauthors":[],"author_meta":{"author_link":"https:\/\/simonaugade.fr\/?author=1","display_name":"admin9868"},"relative_dates":{"created":"Publi\u00e9 8 ans il y a","modified":"Mis \u00e0 jour 2 ans il y a"},"absolute_dates":{"created":"Publi\u00e9 le 18 juillet 2018","modified":"Mise \u00e0 jour le 11 d\u00e9cembre 2023"},"absolute_dates_time":{"created":"Publi\u00e9 le 18 juillet 2018 11 h 33 min","modified":"Mise \u00e0 jour le 11 d\u00e9cembre 2023 21 h 39 min"},"featured_img_caption":"","featured_img":false,"series_order":"","_links":{"self":[{"href":"https:\/\/simonaugade.fr\/index.php?rest_route=\/wp\/v2\/pages\/429","targetHints":{"allow":["GET"]}}],"collection":[{"href":"https:\/\/simonaugade.fr\/index.php?rest_route=\/wp\/v2\/pages"}],"about":[{"href":"https:\/\/simonaugade.fr\/index.php?rest_route=\/wp\/v2\/types\/page"}],"author":[{"embeddable":true,"href":"https:\/\/simonaugade.fr\/index.php?rest_route=\/wp\/v2\/users\/1"}],"replies":[{"embeddable":true,"href":"https:\/\/simonaugade.fr\/index.php?rest_route=%2Fwp%2Fv2%2Fcomments&post=429"}],"version-history":[{"count":19,"href":"https:\/\/simonaugade.fr\/index.php?rest_route=\/wp\/v2\/pages\/429\/revisions"}],"predecessor-version":[{"id":5836,"href":"https:\/\/simonaugade.fr\/index.php?rest_route=\/wp\/v2\/pages\/429\/revisions\/5836"}],"wp:attachment":[{"href":"https:\/\/simonaugade.fr\/index.php?rest_route=%2Fwp%2Fv2%2Fmedia&parent=429"}],"curies":[{"name":"wp","href":"https:\/\/api.w.org\/{rel}","templated":true}]}}