{"id":3199,"date":"2020-05-06T19:30:19","date_gmt":"2020-05-06T17:30:19","guid":{"rendered":"http:\/\/simonaugade.fr\/?page_id=3199"},"modified":"2020-05-13T18:22:01","modified_gmt":"2020-05-13T16:22:01","slug":"workshop-essab","status":"publish","type":"page","link":"https:\/\/simonaugade.fr\/?page_id=3199","title":{"rendered":"WORKSHOP EESAB"},"content":{"rendered":"\n<div class=\"wp-block-getwid-image-box has-text-center has-mobile-layout-default has-mobile-alignment-default\"><div class=\"wp-block-getwid-image-box__image-container is-position-top\"><div class=\"wp-block-getwid-image-box__image-wrapper\"><img loading=\"lazy\" decoding=\"async\" width=\"1620\" height=\"1080\" src=\"http:\/\/simonaugade.fr\/wp-content\/uploads\/2020\/05\/DSC_5163-WEB.jpg\" alt=\"\" class=\"wp-block-getwid-image-box__image wp-image-3273\" srcset=\"https:\/\/simonaugade.fr\/wp-content\/uploads\/2020\/05\/DSC_5163-WEB.jpg 1620w, https:\/\/simonaugade.fr\/wp-content\/uploads\/2020\/05\/DSC_5163-WEB-300x200.jpg 300w, https:\/\/simonaugade.fr\/wp-content\/uploads\/2020\/05\/DSC_5163-WEB-1024x683.jpg 1024w, https:\/\/simonaugade.fr\/wp-content\/uploads\/2020\/05\/DSC_5163-WEB-768x512.jpg 768w, https:\/\/simonaugade.fr\/wp-content\/uploads\/2020\/05\/DSC_5163-WEB-500x333.jpg 500w, https:\/\/simonaugade.fr\/wp-content\/uploads\/2020\/05\/DSC_5163-WEB-800x533.jpg 800w, https:\/\/simonaugade.fr\/wp-content\/uploads\/2020\/05\/DSC_5163-WEB-1280x853.jpg 1280w, https:\/\/simonaugade.fr\/wp-content\/uploads\/2020\/05\/DSC_5163-WEB-1536x1024.jpg 1536w\" sizes=\"auto, (max-width: 1620px) 100vw, 1620px\" \/><\/div><\/div><div class=\"wp-block-getwid-image-box__content\">\n<h3 class=\"wp-block-heading\"><\/h3>\n\n\n\n<p><br><br><\/p>\n<\/div><\/div>\n\n\n\n<div class=\"wp-block-uagb-advanced-heading uagb-block-68df3a45-4c8c-424b-8417-3e6f7ff6577b\"><h1 class=\"uagb-heading-text\">WORKSHOP<br>EESAB &#8211; SITE DE LORIENT<br><em>Opposer &#8211; Conjuger<\/em><br><\/h1><div class=\"uagb-separator-wrap\"><div class=\"uagb-separator\"><\/div><\/div><p class=\"uagb-desc-text\">Invit\u00e9 par Georges PEIGNARD, professeur \u00e0 l\u2019<a href=\"https:\/\/www.eesab.fr\/\"><strong><span style=\"color: #0693e3;\" class=\"ugb-highlight\">\u00c9cole Europ\u00e9enne Sup\u00e9rieure d&rsquo;Art de Bretagne<\/span><\/strong><\/a> &#8211; site de Lorient, <br>Simon AUGADE a encadr\u00e9 15 \u00e9l\u00e8ves durant 3 jours, 2019.<\/p><\/div>\n\n\n\n<hr class=\"wp-block-separator is-style-default\"\/>\n\n\n\n<p><\/p>\n\n\n\n<p class=\"has-text-align-center\"><strong>OPPOSER &#8211; CONJUGER :<\/strong><br><em>Il s\u2019agit d\u2019explorer par le vocabulaire de la sculpture, les rapports d\u2019oppositions ou de corr\u00e9lations entre deux mat\u00e9riaux diff\u00e9rents, provenant pourtant du m\u00eame \u00e9l\u00e9ment (bois). Mettre en branle une relation de port\u00e9e, d\u2019\u00e9quilibre, de dialogue entre un le brut, le naturel et l\u2019usin\u00e9, le modifi\u00e9, pr\u00e9vu pour un usage d\u00e9fini. Ainsi l\u2019organique, le courbe et l\u2019irr\u00e9gulier devra entrer en contact avec le droit, l\u2019anguleux, le standardis\u00e9\u2026 (et inversement).<\/em> <em>Questionner dans une \u00e9conomie de moyen la porosit\u00e9 d\u2019une apparente dualit\u00e9.<\/em><br><br><\/p>\n\n\n\n<div class=\"wp-block-group\"><div class=\"wp-block-group__inner-container is-layout-flow wp-block-group-is-layout-flow\">\n<p>A un temps de pr\u00e9sentation et d&rsquo;introduction, s&rsquo;est enchain\u00e9 un suivi sur le principe et la fa\u00e7on dont chaque \u00e9tudiant s&rsquo;est appropri\u00e9 la th\u00e9matique et les mat\u00e9riaux. Un accompagnement technique a permis la d\u00e9couverte du champ de la sculpture, de certains outils et d&rsquo;un processus cr\u00e9atif li\u00e9 aux mat\u00e9riaux et \u00e0 sa manipulation. Ce workshop tr\u00e8s concentr\u00e9 dans le temps (3 jours) s&rsquo;est cl\u00f4tur\u00e9 par une restitution des travaux au sein du b\u00e2timent principal de l&rsquo;\u00e9cole.<\/p>\n\n\n\n<div style=\"height:20px\" aria-hidden=\"true\" class=\"wp-block-spacer\"><\/div>\n\n\n\n<div class=\"wp-block-columns is-layout-flex wp-container-core-columns-is-layout-1 wp-block-columns-is-layout-flex\">\n<div class=\"wp-block-column is-layout-flow wp-block-column-is-layout-flow\">\n<div class=\"wp-block-advgb-images-slider advgb-images-slider-block advgb-images-slider-lightbox\"><div class=\"advgb-images-slider\"><div class=\"advgb-image-slider-item\"><img decoding=\"async\" src=\"http:\/\/simonaugade.fr\/wp-content\/uploads\/2020\/05\/20191107_112259-WEB.jpg\" class=\"advgb-image-slider-img\" alt=\"Slider image\" style=\"width:100%;height:auto\"\/><div class=\"advgb-image-slider-item-info\" style=\"justify-content:center;align-items:center\"><a class=\"advgb-image-slider-overlay\" target=\"_blank\" rel=\"noopener noreferrer\" href=\"#\"><\/a><\/div><\/div><div class=\"advgb-image-slider-item\"><img decoding=\"async\" src=\"http:\/\/simonaugade.fr\/wp-content\/uploads\/2020\/05\/DSC_5120-WEB.jpg\" class=\"advgb-image-slider-img\" alt=\"Slider image\" style=\"width:100%;height:auto\"\/><div class=\"advgb-image-slider-item-info\" style=\"justify-content:center;align-items:center\"><a class=\"advgb-image-slider-overlay\" target=\"_blank\" rel=\"noopener noreferrer\" href=\"#\"><\/a><\/div><\/div><div class=\"advgb-image-slider-item\"><img decoding=\"async\" src=\"http:\/\/simonaugade.fr\/wp-content\/uploads\/2020\/05\/20191107_112015-WEB.jpg\" class=\"advgb-image-slider-img\" alt=\"Slider image\" style=\"width:100%;height:auto\"\/><div class=\"advgb-image-slider-item-info\" style=\"justify-content:center;align-items:center\"><a class=\"advgb-image-slider-overlay\" target=\"_blank\" rel=\"noopener noreferrer\" href=\"#\"><\/a><\/div><\/div><div class=\"advgb-image-slider-item\"><img decoding=\"async\" src=\"http:\/\/simonaugade.fr\/wp-content\/uploads\/2020\/05\/DSC_5124-WEB.jpg\" class=\"advgb-image-slider-img\" alt=\"Slider image\" style=\"width:100%;height:auto\"\/><div class=\"advgb-image-slider-item-info\" style=\"justify-content:center;align-items:center\"><a class=\"advgb-image-slider-overlay\" target=\"_blank\" rel=\"noopener noreferrer\" href=\"#\"><\/a><\/div><\/div><div class=\"advgb-image-slider-item\"><img decoding=\"async\" src=\"http:\/\/simonaugade.fr\/wp-content\/uploads\/2020\/05\/DSC_5127-WEB.jpg\" class=\"advgb-image-slider-img\" alt=\"Slider image\" style=\"width:100%;height:auto\"\/><div class=\"advgb-image-slider-item-info\" style=\"justify-content:center;align-items:center\"><a class=\"advgb-image-slider-overlay\" target=\"_blank\" rel=\"noopener noreferrer\" href=\"#\"><\/a><\/div><\/div><div class=\"advgb-image-slider-item\"><img decoding=\"async\" src=\"http:\/\/simonaugade.fr\/wp-content\/uploads\/2020\/05\/20191107_112109-WEB.jpg\" class=\"advgb-image-slider-img\" alt=\"Slider image\" style=\"width:100%;height:auto\"\/><div class=\"advgb-image-slider-item-info\" style=\"justify-content:center;align-items:center\"><a class=\"advgb-image-slider-overlay\" target=\"_blank\" rel=\"noopener noreferrer\" href=\"#\"><\/a><\/div><\/div><div class=\"advgb-image-slider-item\"><img decoding=\"async\" src=\"http:\/\/simonaugade.fr\/wp-content\/uploads\/2020\/05\/20191107_112007-WEB.jpg\" class=\"advgb-image-slider-img\" alt=\"Slider image\" style=\"width:100%;height:auto\"\/><div class=\"advgb-image-slider-item-info\" style=\"justify-content:center;align-items:center\"><a class=\"advgb-image-slider-overlay\" target=\"_blank\" rel=\"noopener noreferrer\" href=\"#\"><\/a><\/div><\/div><div class=\"advgb-image-slider-item\"><img decoding=\"async\" src=\"http:\/\/simonaugade.fr\/wp-content\/uploads\/2020\/05\/20191107_111911-WEB.jpg\" class=\"advgb-image-slider-img\" alt=\"Slider image\" style=\"width:100%;height:auto\"\/><div class=\"advgb-image-slider-item-info\" style=\"justify-content:center;align-items:center\"><a class=\"advgb-image-slider-overlay\" target=\"_blank\" rel=\"noopener noreferrer\" href=\"#\"><\/a><\/div><\/div><div class=\"advgb-image-slider-item\"><img decoding=\"async\" src=\"http:\/\/simonaugade.fr\/wp-content\/uploads\/2020\/05\/20191107_112128-WEB.jpg\" class=\"advgb-image-slider-img\" alt=\"Slider image\" style=\"width:100%;height:auto\"\/><div class=\"advgb-image-slider-item-info\" style=\"justify-content:center;align-items:center\"><a class=\"advgb-image-slider-overlay\" target=\"_blank\" rel=\"noopener noreferrer\" href=\"#\"><\/a><\/div><\/div><div class=\"advgb-image-slider-item\"><img decoding=\"async\" src=\"http:\/\/simonaugade.fr\/wp-content\/uploads\/2020\/05\/DSC_5117-WEB.jpg\" class=\"advgb-image-slider-img\" alt=\"Slider image\" style=\"width:100%;height:auto\"\/><div class=\"advgb-image-slider-item-info\" style=\"justify-content:center;align-items:center\"><a class=\"advgb-image-slider-overlay\" target=\"_blank\" rel=\"noopener noreferrer\" href=\"#\"><\/a><\/div><\/div><div class=\"advgb-image-slider-item\"><img decoding=\"async\" src=\"http:\/\/simonaugade.fr\/wp-content\/uploads\/2020\/05\/DSC_5130-WEB.jpg\" class=\"advgb-image-slider-img\" alt=\"Slider image\" style=\"width:100%;height:auto\"\/><div class=\"advgb-image-slider-item-info\" style=\"justify-content:center;align-items:center\"><a class=\"advgb-image-slider-overlay\" target=\"_blank\" rel=\"noopener noreferrer\" href=\"#\"><\/a><\/div><\/div><div class=\"advgb-image-slider-item\"><img decoding=\"async\" src=\"http:\/\/simonaugade.fr\/wp-content\/uploads\/2020\/05\/20191107_112045-WEB.jpg\" class=\"advgb-image-slider-img\" alt=\"Slider image\" style=\"width:100%;height:auto\"\/><div class=\"advgb-image-slider-item-info\" style=\"justify-content:center;align-items:center\"><a class=\"advgb-image-slider-overlay\" target=\"_blank\" rel=\"noopener noreferrer\" href=\"#\"><\/a><\/div><\/div><div class=\"advgb-image-slider-item\"><img decoding=\"async\" src=\"http:\/\/simonaugade.fr\/wp-content\/uploads\/2020\/05\/DSC_5118-WEB.jpg\" class=\"advgb-image-slider-img\" alt=\"Slider image\" style=\"width:100%;height:auto\"\/><div class=\"advgb-image-slider-item-info\" style=\"justify-content:center;align-items:center\"><a class=\"advgb-image-slider-overlay\" target=\"_blank\" rel=\"noopener noreferrer\" href=\"#\"><\/a><\/div><\/div><div class=\"advgb-image-slider-item\"><img decoding=\"async\" src=\"http:\/\/simonaugade.fr\/wp-content\/uploads\/2020\/05\/DSC_5128-WEB.jpg\" class=\"advgb-image-slider-img\" alt=\"Slider image\" style=\"width:100%;height:auto\"\/><div class=\"advgb-image-slider-item-info\" style=\"justify-content:center;align-items:center\"><a class=\"advgb-image-slider-overlay\" target=\"_blank\" rel=\"noopener noreferrer\" href=\"#\"><\/a><\/div><\/div><\/div><\/div>\n\n\n\n<p><\/p>\n<\/div>\n\n\n\n<div class=\"wp-block-column is-layout-flow wp-block-column-is-layout-flow\" style=\"flex-basis:1%\"><\/div>\n\n\n\n<div class=\"wp-block-column is-layout-flow wp-block-column-is-layout-flow\">\n<div class=\"wp-block-advgb-images-slider advgb-images-slider-block advgb-images-slider-lightbox\"><div class=\"advgb-images-slider\"><div class=\"advgb-image-slider-item\"><img decoding=\"async\" src=\"http:\/\/simonaugade.fr\/wp-content\/uploads\/2020\/05\/20191107_164230-WEB.jpg\" class=\"advgb-image-slider-img\" alt=\"Slider image\" style=\"width:100%;height:auto\"\/><div class=\"advgb-image-slider-item-info\" style=\"justify-content:center;align-items:center\"><a class=\"advgb-image-slider-overlay\" target=\"_blank\" rel=\"noopener noreferrer\" href=\"#\"><\/a><\/div><\/div><div class=\"advgb-image-slider-item\"><img decoding=\"async\" src=\"http:\/\/simonaugade.fr\/wp-content\/uploads\/2020\/05\/DSC_5155-WEB.jpg\" class=\"advgb-image-slider-img\" alt=\"Slider image\" style=\"width:100%;height:auto\"\/><div class=\"advgb-image-slider-item-info\" style=\"justify-content:center;align-items:center\"><a class=\"advgb-image-slider-overlay\" target=\"_blank\" rel=\"noopener noreferrer\" href=\"#\"><\/a><\/div><\/div><div class=\"advgb-image-slider-item\"><img decoding=\"async\" src=\"http:\/\/simonaugade.fr\/wp-content\/uploads\/2020\/05\/20191107_164528-WEB.jpg\" class=\"advgb-image-slider-img\" alt=\"Slider image\" style=\"width:100%;height:auto\"\/><div class=\"advgb-image-slider-item-info\" style=\"justify-content:center;align-items:center\"><a class=\"advgb-image-slider-overlay\" target=\"_blank\" rel=\"noopener noreferrer\" href=\"#\"><\/a><\/div><\/div><div class=\"advgb-image-slider-item\"><img decoding=\"async\" src=\"http:\/\/simonaugade.fr\/wp-content\/uploads\/2020\/05\/20191107_164605-WEB.jpg\" class=\"advgb-image-slider-img\" alt=\"Slider image\" style=\"width:100%;height:auto\"\/><div class=\"advgb-image-slider-item-info\" style=\"justify-content:center;align-items:center\"><a class=\"advgb-image-slider-overlay\" target=\"_blank\" rel=\"noopener noreferrer\" href=\"#\"><\/a><\/div><\/div><div class=\"advgb-image-slider-item\"><img decoding=\"async\" src=\"http:\/\/simonaugade.fr\/wp-content\/uploads\/2020\/05\/20191107_164917-WEB.jpg\" class=\"advgb-image-slider-img\" alt=\"Slider image\" style=\"width:100%;height:auto\"\/><div class=\"advgb-image-slider-item-info\" style=\"justify-content:center;align-items:center\"><a class=\"advgb-image-slider-overlay\" target=\"_blank\" rel=\"noopener noreferrer\" href=\"#\"><\/a><\/div><\/div><div class=\"advgb-image-slider-item\"><img decoding=\"async\" src=\"http:\/\/simonaugade.fr\/wp-content\/uploads\/2020\/05\/DSC_5160-WEB.jpg\" class=\"advgb-image-slider-img\" alt=\"Slider image\" style=\"width:100%;height:auto\"\/><div class=\"advgb-image-slider-item-info\" style=\"justify-content:center;align-items:center\"><a class=\"advgb-image-slider-overlay\" target=\"_blank\" rel=\"noopener noreferrer\" href=\"#\"><\/a><\/div><\/div><div class=\"advgb-image-slider-item\"><img decoding=\"async\" src=\"http:\/\/simonaugade.fr\/wp-content\/uploads\/2020\/05\/DSC_5161-WEB.jpg\" class=\"advgb-image-slider-img\" alt=\"Slider image\" style=\"width:100%;height:auto\"\/><div class=\"advgb-image-slider-item-info\" style=\"justify-content:center;align-items:center\"><a class=\"advgb-image-slider-overlay\" target=\"_blank\" rel=\"noopener noreferrer\" href=\"#\"><\/a><\/div><\/div><div class=\"advgb-image-slider-item\"><img decoding=\"async\" src=\"http:\/\/simonaugade.fr\/wp-content\/uploads\/2020\/05\/DSC_5163-WEB.jpg\" class=\"advgb-image-slider-img\" alt=\"Slider image\" style=\"width:100%;height:auto\"\/><div class=\"advgb-image-slider-item-info\" style=\"justify-content:center;align-items:center\"><a class=\"advgb-image-slider-overlay\" target=\"_blank\" rel=\"noopener noreferrer\" href=\"#\"><\/a><\/div><\/div><div class=\"advgb-image-slider-item\"><img decoding=\"async\" src=\"http:\/\/simonaugade.fr\/wp-content\/uploads\/2020\/05\/DSC_5164-WEB.jpg\" class=\"advgb-image-slider-img\" alt=\"Slider image\" style=\"width:100%;height:auto\"\/><div class=\"advgb-image-slider-item-info\" style=\"justify-content:center;align-items:center\"><a class=\"advgb-image-slider-overlay\" target=\"_blank\" rel=\"noopener noreferrer\" href=\"#\"><\/a><\/div><\/div><div class=\"advgb-image-slider-item\"><img decoding=\"async\" src=\"http:\/\/simonaugade.fr\/wp-content\/uploads\/2020\/05\/20191107_164417-WEB.jpg\" class=\"advgb-image-slider-img\" alt=\"Slider image\" style=\"width:100%;height:auto\"\/><div class=\"advgb-image-slider-item-info\" style=\"justify-content:center;align-items:center\"><a class=\"advgb-image-slider-overlay\" target=\"_blank\" rel=\"noopener noreferrer\" href=\"#\"><\/a><\/div><\/div><div class=\"advgb-image-slider-item\"><img decoding=\"async\" src=\"http:\/\/simonaugade.fr\/wp-content\/uploads\/2020\/05\/20191107_164817-WEB.jpg\" class=\"advgb-image-slider-img\" alt=\"Slider image\" style=\"width:100%;height:auto\"\/><div class=\"advgb-image-slider-item-info\" style=\"justify-content:center;align-items:center\"><a class=\"advgb-image-slider-overlay\" target=\"_blank\" rel=\"noopener noreferrer\" href=\"#\"><\/a><\/div><\/div><div class=\"advgb-image-slider-item\"><img decoding=\"async\" src=\"http:\/\/simonaugade.fr\/wp-content\/uploads\/2020\/05\/DSC_5162-WEB.jpg\" class=\"advgb-image-slider-img\" alt=\"Slider image\" style=\"width:100%;height:auto\"\/><div class=\"advgb-image-slider-item-info\" style=\"justify-content:center;align-items:center\"><a class=\"advgb-image-slider-overlay\" target=\"_blank\" rel=\"noopener noreferrer\" href=\"#\"><\/a><\/div><\/div><\/div><\/div>\n<\/div>\n<\/div>\n<\/div><\/div>\n\n\n\n<div class=\"wp-block-group\"><div class=\"wp-block-group__inner-container is-layout-flow wp-block-group-is-layout-flow\"><\/div><\/div>\n\n\n\n<div style=\"height:30px\" aria-hidden=\"true\" class=\"wp-block-spacer\"><\/div>\n\n\n\n<div style=\"height:100px\" aria-hidden=\"true\" class=\"wp-block-spacer\"><\/div>\n","protected":false},"excerpt":{"rendered":"<p>WORKSHOPEESAB &#8211; SITE DE LORIENTOpposer &#8211; Conjuger Invit\u00e9 par Georges PEIGNARD, professeur \u00e0 l\u2019\u00c9cole Europ\u00e9enne Sup\u00e9rieure d&rsquo;Art de Bretagne &#8211; site de Lorient, Simon AUGADE a encadr\u00e9 15 \u00e9l\u00e8ves durant 3 jours, 2019. OPPOSER &#8211; CONJUGER :Il s\u2019agit d\u2019explorer par le vocabulaire de la sculpture, les rapports d\u2019oppositions ou de corr\u00e9lations entre deux mat\u00e9riaux diff\u00e9rents, provenant pourtant du m\u00eame \u00e9l\u00e9ment (bois). Mettre en branle une relation de port\u00e9e, d\u2019\u00e9quilibre, de<\/p>\n<div class=\"read-more\"><a class=\"btn read-more-btn\" href=\"https:\/\/simonaugade.fr\/?page_id=3199\">Lire la suite<\/a><\/div>\n","protected":false},"author":1,"featured_media":3273,"parent":0,"menu_order":0,"comment_status":"closed","ping_status":"closed","template":"","meta":{"_uag_custom_page_level_css":"","advgb_blocks_editor_width":"","advgb_blocks_columns_visual_guide":"","pgc_sgb_lightbox_settings":"","_vp_format_video_url":"","_vp_image_focal_point":[],"footnotes":""},"class_list":["post-3199","page","type-page","status-publish","has-post-thumbnail","hentry"],"featured_image_urls_v2":{"full":["https:\/\/simonaugade.fr\/wp-content\/uploads\/2020\/05\/DSC_5163-WEB.jpg",1620,1080,false],"thumbnail":["https:\/\/simonaugade.fr\/wp-content\/uploads\/2020\/05\/DSC_5163-WEB-150x150.jpg",150,150,true],"medium":["https:\/\/simonaugade.fr\/wp-content\/uploads\/2020\/05\/DSC_5163-WEB-300x200.jpg",300,200,true],"medium_large":["https:\/\/simonaugade.fr\/wp-content\/uploads\/2020\/05\/DSC_5163-WEB-768x512.jpg",640,427,true],"large":["https:\/\/simonaugade.fr\/wp-content\/uploads\/2020\/05\/DSC_5163-WEB-1024x683.jpg",640,427,true],"1536x1536":["https:\/\/simonaugade.fr\/wp-content\/uploads\/2020\/05\/DSC_5163-WEB-1536x1024.jpg",1536,1024,true],"2048x2048":["https:\/\/simonaugade.fr\/wp-content\/uploads\/2020\/05\/DSC_5163-WEB.jpg",1620,1080,false],"vp_sm":["https:\/\/simonaugade.fr\/wp-content\/uploads\/2020\/05\/DSC_5163-WEB-500x333.jpg",500,333,true],"vp_md":["https:\/\/simonaugade.fr\/wp-content\/uploads\/2020\/05\/DSC_5163-WEB-800x533.jpg",800,533,true],"vp_lg":["https:\/\/simonaugade.fr\/wp-content\/uploads\/2020\/05\/DSC_5163-WEB-1280x853.jpg",1280,853,true],"vp_xl":["https:\/\/simonaugade.fr\/wp-content\/uploads\/2020\/05\/DSC_5163-WEB.jpg",1620,1080,false],"vp_sm_popup":["https:\/\/simonaugade.fr\/wp-content\/uploads\/2020\/05\/DSC_5163-WEB-500x333.jpg",500,333,true],"vp_md_popup":["https:\/\/simonaugade.fr\/wp-content\/uploads\/2020\/05\/DSC_5163-WEB-800x533.jpg",800,533,true],"vp_xl_popup":["https:\/\/simonaugade.fr\/wp-content\/uploads\/2020\/05\/DSC_5163-WEB.jpg",1620,1080,false]},"post_excerpt_stackable_v2":"<p>WORKSHOPEESAB &#8211; SITE DE LORIENTOpposer &#8211; ConjugerInvit\u00e9 par Georges PEIGNARD, professeur \u00e0 l\u2019\u00c9cole Europ\u00e9enne Sup\u00e9rieure d&rsquo;Art de Bretagne &#8211; site de Lorient, Simon AUGADE a encadr\u00e9 15 \u00e9l\u00e8ves durant 3 jours, 2019. OPPOSER &#8211; CONJUGER :Il s\u2019agit d\u2019explorer par le vocabulaire de la sculpture, les rapports d\u2019oppositions ou de corr\u00e9lations entre deux mat\u00e9riaux diff\u00e9rents, provenant pourtant du m\u00eame \u00e9l\u00e9ment (bois). Mettre en branle une relation de port\u00e9e, d\u2019\u00e9quilibre, de dialogue entre un le brut, le naturel et l\u2019usin\u00e9, le modifi\u00e9, pr\u00e9vu pour un usage d\u00e9fini. Ainsi l\u2019organique, le courbe et l\u2019irr\u00e9gulier devra entrer en contact avec le droit, l\u2019anguleux, le\u2026<\/p>\n","category_list_v2":"","author_info_v2":{"name":"admin9868","url":"https:\/\/simonaugade.fr\/?author=1"},"comments_num_v2":"0 commentaire","uagb_featured_image_src":{"full":["https:\/\/simonaugade.fr\/wp-content\/uploads\/2020\/05\/DSC_5163-WEB.jpg",1620,1080,false],"thumbnail":["https:\/\/simonaugade.fr\/wp-content\/uploads\/2020\/05\/DSC_5163-WEB-150x150.jpg",150,150,true],"medium":["https:\/\/simonaugade.fr\/wp-content\/uploads\/2020\/05\/DSC_5163-WEB-300x200.jpg",300,200,true],"medium_large":["https:\/\/simonaugade.fr\/wp-content\/uploads\/2020\/05\/DSC_5163-WEB-768x512.jpg",640,427,true],"large":["https:\/\/simonaugade.fr\/wp-content\/uploads\/2020\/05\/DSC_5163-WEB-1024x683.jpg",640,427,true],"1536x1536":["https:\/\/simonaugade.fr\/wp-content\/uploads\/2020\/05\/DSC_5163-WEB-1536x1024.jpg",1536,1024,true],"2048x2048":["https:\/\/simonaugade.fr\/wp-content\/uploads\/2020\/05\/DSC_5163-WEB.jpg",1620,1080,false],"vp_sm":["https:\/\/simonaugade.fr\/wp-content\/uploads\/2020\/05\/DSC_5163-WEB-500x333.jpg",500,333,true],"vp_md":["https:\/\/simonaugade.fr\/wp-content\/uploads\/2020\/05\/DSC_5163-WEB-800x533.jpg",800,533,true],"vp_lg":["https:\/\/simonaugade.fr\/wp-content\/uploads\/2020\/05\/DSC_5163-WEB-1280x853.jpg",1280,853,true],"vp_xl":["https:\/\/simonaugade.fr\/wp-content\/uploads\/2020\/05\/DSC_5163-WEB.jpg",1620,1080,false],"vp_sm_popup":["https:\/\/simonaugade.fr\/wp-content\/uploads\/2020\/05\/DSC_5163-WEB-500x333.jpg",500,333,true],"vp_md_popup":["https:\/\/simonaugade.fr\/wp-content\/uploads\/2020\/05\/DSC_5163-WEB-800x533.jpg",800,533,true],"vp_xl_popup":["https:\/\/simonaugade.fr\/wp-content\/uploads\/2020\/05\/DSC_5163-WEB.jpg",1620,1080,false]},"uagb_author_info":{"display_name":"admin9868","author_link":"https:\/\/simonaugade.fr\/?author=1"},"uagb_comment_info":0,"uagb_excerpt":"WORKSHOPEESAB &#8211; SITE DE LORIENTOpposer &#8211; Conjuger Invit\u00e9 par Georges PEIGNARD, professeur \u00e0 l\u2019\u00c9cole Europ\u00e9enne Sup\u00e9rieure d&rsquo;Art de Bretagne &#8211; site de Lorient, Simon AUGADE a encadr\u00e9 15 \u00e9l\u00e8ves durant 3 jours, 2019. OPPOSER &#8211; CONJUGER :Il s\u2019agit d\u2019explorer par le vocabulaire de la sculpture, les rapports d\u2019oppositions ou de corr\u00e9lations entre deux mat\u00e9riaux diff\u00e9rents,\u2026","coauthors":[],"author_meta":{"author_link":"https:\/\/simonaugade.fr\/?author=1","display_name":"admin9868"},"relative_dates":{"created":"Publi\u00e9 6 ans il y a","modified":"Mis \u00e0 jour 6 ans il y a"},"absolute_dates":{"created":"Publi\u00e9 le 6 mai 2020","modified":"Mise \u00e0 jour le 13 mai 2020"},"absolute_dates_time":{"created":"Publi\u00e9 le 6 mai 2020 19 h 30 min","modified":"Mise \u00e0 jour le 13 mai 2020 18 h 22 min"},"featured_img_caption":"","featured_img":"https:\/\/simonaugade.fr\/wp-content\/uploads\/2020\/05\/DSC_5163-WEB.jpg","series_order":"","_links":{"self":[{"href":"https:\/\/simonaugade.fr\/index.php?rest_route=\/wp\/v2\/pages\/3199","targetHints":{"allow":["GET"]}}],"collection":[{"href":"https:\/\/simonaugade.fr\/index.php?rest_route=\/wp\/v2\/pages"}],"about":[{"href":"https:\/\/simonaugade.fr\/index.php?rest_route=\/wp\/v2\/types\/page"}],"author":[{"embeddable":true,"href":"https:\/\/simonaugade.fr\/index.php?rest_route=\/wp\/v2\/users\/1"}],"replies":[{"embeddable":true,"href":"https:\/\/simonaugade.fr\/index.php?rest_route=%2Fwp%2Fv2%2Fcomments&post=3199"}],"version-history":[{"count":37,"href":"https:\/\/simonaugade.fr\/index.php?rest_route=\/wp\/v2\/pages\/3199\/revisions"}],"predecessor-version":[{"id":3838,"href":"https:\/\/simonaugade.fr\/index.php?rest_route=\/wp\/v2\/pages\/3199\/revisions\/3838"}],"wp:featuredmedia":[{"embeddable":true,"href":"https:\/\/simonaugade.fr\/index.php?rest_route=\/wp\/v2\/media\/3273"}],"wp:attachment":[{"href":"https:\/\/simonaugade.fr\/index.php?rest_route=%2Fwp%2Fv2%2Fmedia&parent=3199"}],"curies":[{"name":"wp","href":"https:\/\/api.w.org\/{rel}","templated":true}]}}